{"id":1103,"date":"2025-10-21T14:59:24","date_gmt":"2025-10-21T14:59:24","guid":{"rendered":"https:\/\/canisspecialis.de\/?page_id=1103"},"modified":"2026-04-20T12:07:28","modified_gmt":"2026-04-20T12:07:28","slug":"welpen-x-clusiv-der-lernkurs-fuer-welpen","status":"publish","type":"page","link":"https:\/\/canisspecialis.de\/index.php\/welpen-x-clusiv-der-lernkurs-fuer-welpen\/","title":{"rendered":"Welpenkurs"},"content":{"rendered":"<div class=\"wp-block-image\">\n<figure class=\"aligncenter size-large is-resized\"><img loading=\"lazy\" decoding=\"async\" width=\"700\" height=\"700\" src=\"https:\/\/canisspecialis.de\/wp-content\/uploads\/2025\/10\/welpen_Xclusiv-700x700.png\" alt=\"\" class=\"wp-image-1104\" style=\"width:279px;height:auto\" srcset=\"https:\/\/canisspecialis.de\/wp-content\/uploads\/2025\/10\/welpen_Xclusiv-700x700.png 700w, https:\/\/canisspecialis.de\/wp-content\/uploads\/2025\/10\/welpen_Xclusiv-300x300.png 300w, https:\/\/canisspecialis.de\/wp-content\/uploads\/2025\/10\/welpen_Xclusiv-150x150.png 150w, https:\/\/canisspecialis.de\/wp-content\/uploads\/2025\/10\/welpen_Xclusiv-768x768.png 768w, https:\/\/canisspecialis.de\/wp-content\/uploads\/2025\/10\/welpen_Xclusiv-800x800.png 800w, https:\/\/canisspecialis.de\/wp-content\/uploads\/2025\/10\/welpen_Xclusiv.png 1080w\" sizes=\"auto, (max-width: 700px) 100vw, 700px\" \/><\/figure><\/div>\n\n\n<p><\/p>\n\n\n\n<p><strong>Welpen X-Clusiv \u2013 Der Lernkurs f\u00fcr Welpen<\/strong><\/p>\n\n\n\n<p>Die Welpen sind los!<\/p>\n\n\n\n<p>Nat\u00fcrlich sind Welpen immer besonders niedlich, aber auch bei einem Welpen kann man bereits viel falsch machen. Vor allem wenn es der erste Hund ist, steht man schon mal vor der ein oder anderen Herausforderung und wei\u00df nicht so genau wie man damit umgehen soll. In erster Linie ist es hilfreich, wenn man sich vorher beraten l\u00e4sst, welche Rasse zu einem passen k\u00f6nnte. Des Weiteren sollte man sich dann umfassend \u00fcber die Eigenschaften informieren. Das hilft nat\u00fcrlich enorm, um auf die aufregende und manchmal auch turbulente Zeit etwas besser vorbereitet zu sein. <\/p>\n\n\n\n<p>F\u00fcr eine Beratung im Vorfeld stehe ich jederzeit gerne zur Verf\u00fcgung!<\/p>\n\n\n\n<p>In meinem exklusiven Lernkurs f\u00fcr Welpen informiere ich Dich gerne \u00fcber alles wissenswerte zum Thema Erziehung, Training und Alltag mit dem Welpen. In insgesamt 10 Einheiten mit unterschiedlichen Themenschwerpunkten m\u00f6chte ich Euch gezielt dabei unterst\u00fctzen, zu einem echten Team zusammen zu wachsen und gemeinsam die Welt zu entdecken.<\/p>\n\n\n\n<p>Haupts\u00e4chlich spielerisch, aber vor allem mit viel Ruhe und Geduld, sollen Eure Welpen Aufgaben meistern und Regeln erlernen, die Euch Euren gemeinsamen Alltag erleichtern. Nat\u00fcrlich geh\u00f6rt dazu auch das Erlenen von Sozialverhalten mit Artgenossen, der Fokus meines Kurses liegt jedoch mehr auf der St\u00e4rkung Eurer Mensch-Hund-Beziehung.<\/p>\n\n\n\n<p>Wer also eine Welpen<strong>spiel<\/strong>gruppe sucht, ist hier leider fehl am Platz.<\/p>\n\n\n\n<p>In einer kleinen Gruppe von <strong>max. 4 Teams<\/strong> kann ich Euch individuell sehen und f\u00f6rdern.<\/p>\n\n\n\n<p>Der Alltag findet eben nicht auf dem Hundeplatz statt, sondern drau\u00dfen \u2013 im Leben!<\/p>\n\n\n\n<p><strong>Unsere Themenschwerpunkte k\u00f6nnen sein:<\/strong><br>Belohnung &amp; Spiel<br>Frustrationstoleranz<br>R\u00fcckruf<br>Koordinations- &amp; Ger\u00e4tetraining<br>Ruhe &amp; Impulskontrolle<br>Medical Training<br>Orientierung<br>Kooperation<br>Leinenf\u00fchrigkeit<br>Stadttraining<br>Kognitive Besch\u00e4ftigung<br>Grundgehorsam<br>Boxen-\/Decken- &amp; Maulkorbtraining<br>Wildpark<\/p>\n\n\n\n<p>Der Kurs findet an 10 aufeinanderfolgenden Wochen i.d.R. sonntags statt und wir werden uns an unterschiedlichen Orten treffen. <\/p>\n\n\n\n<p>Der Kurs ist nur komplett buchbar f\u00fcr 290,- \u20ac pro Team, inkl. Willkommensgeschenk, Welpentagebuch und ausf\u00fchrlichen Handouts zu allen Themenschwerpunkten.<\/p>\n\n\n\n<p>W\u00e4hrend der gesamten Kursdauer werde ich Euch \u00fcber eine WhatsApp Gruppe begleiten und Euch bei allen Fragen zur Verf\u00fcgung stehen. Die Themenreihenfolge und welche Themen behandelt werden, kann exklusiv in der WhatsApp Gruppe abgestimmt werden. <\/p>\n\n\n\n<p>Auf Anfrage  und mindestens 3 Teams k\u00f6nnen wir jederzeit einen neuen Kurs starten.<\/p>\n\n\n\n<p>Melde Dich gerne einfach bei mir!<\/p>\n","protected":false},"excerpt":{"rendered":"<p>Welpen X-Clusiv \u2013 Der Lernkurs f\u00fcr Welpen Die Welpen sind los! Nat\u00fcrlich sind Welpen immer besonders niedlich, aber auch bei einem Welpen kann man bereits viel falsch machen. Vor allem wenn es der erste Hund ist, steht man schon mal vor der ein oder anderen Herausforderung und wei\u00df nicht so genau wie man damit umgehen&#8230;<\/p>\n","protected":false},"author":3,"featured_media":0,"parent":0,"menu_order":0,"comment_status":"closed","ping_status":"closed","template":"","meta":{"footnotes":""},"class_list":["post-1103","page","type-page","status-publish","hentry"],"_links":{"self":[{"href":"https:\/\/canisspecialis.de\/index.php\/wp-json\/wp\/v2\/pages\/1103","targetHints":{"allow":["GET"]}}],"collection":[{"href":"https:\/\/canisspecialis.de\/index.php\/wp-json\/wp\/v2\/pages"}],"about":[{"href":"https:\/\/canisspecialis.de\/index.php\/wp-json\/wp\/v2\/types\/page"}],"author":[{"embeddable":true,"href":"https:\/\/canisspecialis.de\/index.php\/wp-json\/wp\/v2\/users\/3"}],"replies":[{"embeddable":true,"href":"https:\/\/canisspecialis.de\/index.php\/wp-json\/wp\/v2\/comments?post=1103"}],"version-history":[{"count":5,"href":"https:\/\/canisspecialis.de\/index.php\/wp-json\/wp\/v2\/pages\/1103\/revisions"}],"predecessor-version":[{"id":1252,"href":"https:\/\/canisspecialis.de\/index.php\/wp-json\/wp\/v2\/pages\/1103\/revisions\/1252"}],"wp:attachment":[{"href":"https:\/\/canisspecialis.de\/index.php\/wp-json\/wp\/v2\/media?parent=1103"}],"curies":[{"name":"wp","href":"https:\/\/api.w.org\/{rel}","templated":true}]}}