{"id":1126,"date":"2025-12-13T10:40:27","date_gmt":"2025-12-13T10:40:27","guid":{"rendered":"https:\/\/canisspecialis.de\/?page_id=1126"},"modified":"2025-12-13T10:40:28","modified_gmt":"2025-12-13T10:40:28","slug":"mantrailing-extraordinary-places-special-10-05-2026","status":"publish","type":"page","link":"https:\/\/canisspecialis.de\/index.php\/mantrailing-extraordinary-places-special-10-05-2026\/","title":{"rendered":"Mantrailing Extraordinary Places &#8211; Special 10.05.2026"},"content":{"rendered":"\n<figure class=\"wp-block-image size-large is-resized\"><img loading=\"lazy\" decoding=\"async\" width=\"700\" height=\"700\" src=\"https:\/\/canisspecialis.de\/wp-content\/uploads\/2025\/12\/DU-Special-700x700.png\" alt=\"\" class=\"wp-image-1127\" style=\"width:291px;height:auto\" srcset=\"https:\/\/canisspecialis.de\/wp-content\/uploads\/2025\/12\/DU-Special-700x700.png 700w, https:\/\/canisspecialis.de\/wp-content\/uploads\/2025\/12\/DU-Special-300x300.png 300w, https:\/\/canisspecialis.de\/wp-content\/uploads\/2025\/12\/DU-Special-150x150.png 150w, https:\/\/canisspecialis.de\/wp-content\/uploads\/2025\/12\/DU-Special-768x768.png 768w, https:\/\/canisspecialis.de\/wp-content\/uploads\/2025\/12\/DU-Special-800x800.png 800w, https:\/\/canisspecialis.de\/wp-content\/uploads\/2025\/12\/DU-Special.png 1080w\" sizes=\"auto, (max-width: 700px) 100vw, 700px\" \/><\/figure>\n\n\n\n<p><\/p>\n\n\n\n<p><strong>Mantrailing-Event im Landschaftspark Duisburg<\/strong><\/p>\n\n\n\n<p>Industriekultur trifft Nasenarbeit<\/p>\n\n\n\n<p>Tauche ein in eine ganz besondere Mantrailing-Erfahrung:<br>Der Landschaftspark Duisburg bietet mit seiner einzigartigen Mischung aus Industriekulisse, weitl\u00e4ufigen Gr\u00fcnfl\u00e4chen, Treppen, Wegen, Br\u00fccken und verwinkelten Bereichen eine ideale und zugleich anspruchsvolle Umgebung f\u00fcr Mensch und Hund.<\/p>\n\n\n\n<p>In dieser au\u00dfergew\u00f6hnlichen Atmosph\u00e4re kannst Du Deine F\u00e4higkeiten weiterentwickeln, neue Reize kennenlernen und das Zusammenspiel zwischen Dir und Deinem Hund vertiefen. Unterschiedliche Untergr\u00fcnde, wechselnde Ger\u00fcche und vielf\u00e4ltige Ablenkungen machen jeden Trail zu einer spannenden Herausforderung \u2013 sowohl f\u00fcr Einsteiger als auch f\u00fcr fortgeschrittene Teams.<\/p>\n\n\n\n<p>Das erwartet euch:<\/p>\n\n\n\n<p>* Realit\u00e4tsnahe Trails in einer einzigartigen Industrie- und Parklandschaft<\/p>\n\n\n\n<p>* Individuell angepasste Aufgaben je nach Trainingsstand<\/p>\n\n\n\n<p>* Fachkundige Anleitung und konstruktives Feedback<\/p>\n\n\n\n<p>*Viel Raum f\u00fcr Lernen, Motivation und Teamarbeit<\/p>\n\n\n\n<p>Der Fokus liegt auf ruhigem, sauberem Arbeiten, dem Lesen des Hundes und dem gemeinsamen Erfolg auf dem Trail \u2013 immer mit Freude an der Nasenarbeit.<\/p>\n\n\n\n<p>Ich freue mich auf motivierte Mensch-Hund-Teams und spannende Trails in einer der beeindruckendsten Locations des Ruhrgebiets!<\/p>\n\n\n\n<p>Termin: 10.05.2026<br>Uhrzeit: 10:00 Uhr<br>Kosten: 75 \u20ac<br>Max 6 Teams<\/p>\n\n\n\n<p>Melde Dich jetzt via WhatsApp +49 173 6273589 oder Mail canisspecialis@vodafone.de an.<\/p>\n","protected":false},"excerpt":{"rendered":"<p>Mantrailing-Event im Landschaftspark Duisburg Industriekultur trifft Nasenarbeit Tauche ein in eine ganz besondere Mantrailing-Erfahrung:Der Landschaftspark Duisburg bietet mit seiner einzigartigen Mischung aus Industriekulisse, weitl\u00e4ufigen Gr\u00fcnfl\u00e4chen, Treppen, Wegen, Br\u00fccken und verwinkelten Bereichen eine ideale und zugleich anspruchsvolle Umgebung f\u00fcr Mensch und Hund. In dieser au\u00dfergew\u00f6hnlichen Atmosph\u00e4re kannst Du Deine F\u00e4higkeiten weiterentwickeln, neue Reize kennenlernen und das&#8230;<\/p>\n","protected":false},"author":3,"featured_media":0,"parent":0,"menu_order":0,"comment_status":"closed","ping_status":"closed","template":"","meta":{"footnotes":""},"class_list":["post-1126","page","type-page","status-publish","hentry"],"_links":{"self":[{"href":"https:\/\/canisspecialis.de\/index.php\/wp-json\/wp\/v2\/pages\/1126","targetHints":{"allow":["GET"]}}],"collection":[{"href":"https:\/\/canisspecialis.de\/index.php\/wp-json\/wp\/v2\/pages"}],"about":[{"href":"https:\/\/canisspecialis.de\/index.php\/wp-json\/wp\/v2\/types\/page"}],"author":[{"embeddable":true,"href":"https:\/\/canisspecialis.de\/index.php\/wp-json\/wp\/v2\/users\/3"}],"replies":[{"embeddable":true,"href":"https:\/\/canisspecialis.de\/index.php\/wp-json\/wp\/v2\/comments?post=1126"}],"version-history":[{"count":1,"href":"https:\/\/canisspecialis.de\/index.php\/wp-json\/wp\/v2\/pages\/1126\/revisions"}],"predecessor-version":[{"id":1128,"href":"https:\/\/canisspecialis.de\/index.php\/wp-json\/wp\/v2\/pages\/1126\/revisions\/1128"}],"wp:attachment":[{"href":"https:\/\/canisspecialis.de\/index.php\/wp-json\/wp\/v2\/media?parent=1126"}],"curies":[{"name":"wp","href":"https:\/\/api.w.org\/{rel}","templated":true}]}}