{"id":113,"date":"2023-09-04T11:52:13","date_gmt":"2023-09-04T11:52:13","guid":{"rendered":"https:\/\/knallerhunde.de\/?page_id=113"},"modified":"2025-07-01T10:00:21","modified_gmt":"2025-07-01T10:00:21","slug":"krimitouren","status":"publish","type":"page","link":"https:\/\/canisspecialis.de\/index.php\/krimitouren\/","title":{"rendered":"Krimitouren"},"content":{"rendered":"\n<figure class=\"wp-block-image size-large is-resized\"><img loading=\"lazy\" decoding=\"async\" width=\"700\" height=\"700\" src=\"https:\/\/canisspecialis.de\/wp-content\/uploads\/2025\/07\/Krimi1-700x700.png\" alt=\"\" class=\"wp-image-1023\" style=\"width:334px;height:auto\" srcset=\"https:\/\/canisspecialis.de\/wp-content\/uploads\/2025\/07\/Krimi1-700x700.png 700w, https:\/\/canisspecialis.de\/wp-content\/uploads\/2025\/07\/Krimi1-300x300.png 300w, https:\/\/canisspecialis.de\/wp-content\/uploads\/2025\/07\/Krimi1-150x150.png 150w, https:\/\/canisspecialis.de\/wp-content\/uploads\/2025\/07\/Krimi1-768x768.png 768w, https:\/\/canisspecialis.de\/wp-content\/uploads\/2025\/07\/Krimi1-800x800.png 800w, https:\/\/canisspecialis.de\/wp-content\/uploads\/2025\/07\/Krimi1.png 1080w\" sizes=\"auto, (max-width: 700px) 100vw, 700px\" \/><\/figure>\n\n\n\n<p>Das Krimi-Dinner ist f\u00fcr viele Leute mittlerweile ein Begriff. Da wird ein Abendessen in gro\u00dfer Runde organisiert, bei dem Schauspieler einen Kriminalfall in Form eines Theaterst\u00fcckes auff\u00fchren und die Teilnehmer interaktiv einbezogen werden und den vermeintlichen M\u00f6rder ausfindig machen m\u00fcssen. <\/p>\n\n\n\n<p>Unsere Krimi Touren sind f\u00fcr Menschen mit Hund, die gerne in der Natur unterwegs sind und Lust auf ein kleines Abenteuer haben. Ihr schl\u00fcpft in die Rolle eines Ermittlers und werdet Teil der Sonderkommission FoxDogs &#8211; Canis Specialis und sammelt mit Hilfe Eures Diensthundes diverse Hinweise. Die SoKo recherchiert gemeinsam, kombiniert Hinweise und analysiert die Fakten. Mit kriminalistischem Sp\u00fcrsinn und Geschick wird der Fall am Ende nat\u00fcrlich gel\u00f6st und der M\u00f6rder hinter Gitter gebracht.<\/p>\n\n\n\n<p>Wir bieten Euch tolle Erlebnistouren mit hohem Spa\u00dffaktor und das ganz ohne Leistungsdruck.<\/p>\n\n\n\n<p>Bei uns sind alle Rassen willkommen, egal ob Chihuahua oder Rottweiler. Ebenso sind alle Hundetypen willkommen, auch Hunde die nicht sozialvertr\u00e4glich oder \u00e4ngstlich sind. Eine erweiterte Individualdistanz und eventuelle \u201eSpecialeffects\u201c werden zu Beginn mit allen besprochen und kommuniziert, so dass auch diese Hunde etwas mitnehmen und lernen k\u00f6nnen. Bei uns wird niemand ausgeschlossen.<\/p>\n\n\n\n<p>Um an unseren Krimi-Touren teilnehmen zu k\u00f6nnen, bedarf es keinerlei Vorkenntnissen. Uns ist hier die Mensch-Hund Beziehung wichtig und diese wird durch jegliche gemeinsame Aktivit\u00e4ten gef\u00f6rdert. <br>Wir m\u00f6chten gemeinsam mit Euch und Eurem Hund ein Abenteuer erleben und damit f\u00fcr Euch sch\u00f6ne Erinnerungen schaffen.<\/p>\n\n\n\n<p>Wenn wir jetzt Dein Interesse geweckt haben und Du schon immer einmal zu Columbo oder Miss Marple werden wolltest, hast Du hier die Gelegenheit dazu.<\/p>\n","protected":false},"excerpt":{"rendered":"<p>Das Krimi-Dinner ist f\u00fcr viele Leute mittlerweile ein Begriff. Da wird ein Abendessen in gro\u00dfer Runde organisiert, bei dem Schauspieler einen Kriminalfall in Form eines Theaterst\u00fcckes auff\u00fchren und die Teilnehmer interaktiv einbezogen werden und den vermeintlichen M\u00f6rder ausfindig machen m\u00fcssen. Unsere Krimi Touren sind f\u00fcr Menschen mit Hund, die gerne in der Natur unterwegs sind&#8230;<\/p>\n","protected":false},"author":1,"featured_media":0,"parent":0,"menu_order":0,"comment_status":"closed","ping_status":"closed","template":"","meta":{"footnotes":""},"class_list":["post-113","page","type-page","status-publish","hentry"],"_links":{"self":[{"href":"https:\/\/canisspecialis.de\/index.php\/wp-json\/wp\/v2\/pages\/113","targetHints":{"allow":["GET"]}}],"collection":[{"href":"https:\/\/canisspecialis.de\/index.php\/wp-json\/wp\/v2\/pages"}],"about":[{"href":"https:\/\/canisspecialis.de\/index.php\/wp-json\/wp\/v2\/types\/page"}],"author":[{"embeddable":true,"href":"https:\/\/canisspecialis.de\/index.php\/wp-json\/wp\/v2\/users\/1"}],"replies":[{"embeddable":true,"href":"https:\/\/canisspecialis.de\/index.php\/wp-json\/wp\/v2\/comments?post=113"}],"version-history":[{"count":6,"href":"https:\/\/canisspecialis.de\/index.php\/wp-json\/wp\/v2\/pages\/113\/revisions"}],"predecessor-version":[{"id":1026,"href":"https:\/\/canisspecialis.de\/index.php\/wp-json\/wp\/v2\/pages\/113\/revisions\/1026"}],"wp:attachment":[{"href":"https:\/\/canisspecialis.de\/index.php\/wp-json\/wp\/v2\/media?parent=113"}],"curies":[{"name":"wp","href":"https:\/\/api.w.org\/{rel}","templated":true}]}}