{"id":1140,"date":"2026-01-06T11:30:30","date_gmt":"2026-01-06T11:30:30","guid":{"rendered":"https:\/\/canisspecialis.de\/?page_id=1140"},"modified":"2026-01-06T11:35:00","modified_gmt":"2026-01-06T11:35:00","slug":"workshop-in-balance-ab-03-05-2026","status":"publish","type":"page","link":"https:\/\/canisspecialis.de\/index.php\/workshop-in-balance-ab-03-05-2026\/","title":{"rendered":"Workshop &#8222;In Balance &#8211; K\u00f6rper, Geist &amp; Pfote&#8220; ab 03.05.2026"},"content":{"rendered":"\n<figure class=\"wp-block-image size-large is-resized\"><img loading=\"lazy\" decoding=\"async\" width=\"700\" height=\"1050\" src=\"https:\/\/canisspecialis.de\/wp-content\/uploads\/2026\/01\/Design-ohne-Titel-700x1050.jpg\" alt=\"\" class=\"wp-image-1141\" style=\"width:357px;height:auto\" srcset=\"https:\/\/canisspecialis.de\/wp-content\/uploads\/2026\/01\/Design-ohne-Titel-700x1050.jpg 700w, https:\/\/canisspecialis.de\/wp-content\/uploads\/2026\/01\/Design-ohne-Titel-200x300.jpg 200w, https:\/\/canisspecialis.de\/wp-content\/uploads\/2026\/01\/Design-ohne-Titel.jpg 768w\" sizes=\"auto, (max-width: 700px) 100vw, 700px\" \/><\/figure>\n\n\n\n<p><\/p>\n\n\n\n<p><strong>In Balance \u2013 K\u00f6rper, Geist &amp; Pfote<\/strong><\/p>\n\n\n\n<p>Ein Workshop f\u00fcr Mensch-Hund-Teams, die echte Ver\u00e4nderung wollen<\/p>\n\n\n\n<p>F\u00fchlst Du Dich im Alltag mit Deinem Hund manchmal hilflos oder unzul\u00e4nglich?<br>Erlebst Du Unverst\u00e4ndnis von au\u00dfen, weil Dein Hund an der Leine p\u00f6belt oder Du ihn in schwierigen Situationen scheinbar nicht erreichst?<br>Wenn Du Dir eine nachhaltige Ver\u00e4nderung w\u00fcnschst, beginnt dieser Weg bei Dir selbst.<br>Denn die wahre Magie liegt nicht darin, eine bestimmte Rolle einzunehmen oder \u201efunktionieren\u201c zu m\u00fcssen \u2013 sondern darin, innerlich zur Ruhe zu kommen und entspannt zu leben.<br>In diesem Workshop begleite ich Dich dabei, die Beziehung zu Deinem Hund auf einer tieferen Ebene zu st\u00e4rken. In drei intensiven Praxisterminen sowie einem vierw\u00f6chigen, t\u00e4glichen Input \u00fcber eine WhatsApp-Gruppe lernst Du, herausfordernde Situationen souver\u00e4ner zu meistern, Deinem Hund auf Augenh\u00f6he zu begegnen und wieder mehr Vertrauen \u2013 in Dich selbst und in Deinen Hund \u2013 aufzubauen.<br>Du wirst:<br>\u2022 Eure Bindung nachhaltig st\u00e4rken<br>\u2022 lernen, wieder mehr auf Dein Bauchgef\u00fchl zu h\u00f6ren<br>\u2022 echte, ehrliche Vertrauensarbeit leisten<br>\u2022 neue Perspektiven entwickeln und gewohnte Muster hinterfragen<br>Dieser Workshop geht bewusst tiefer. Ihr werdet wachsen, neue Wege gehen und echte Ver\u00e4nderung m\u00f6glich machen.<br>Durch ruhige Bewegungen, gezielte Atem\u00fcbungen und mehr Achtsamkeit unterst\u00fctze ich Dich dabei, den Parasympathikus zu aktivieren, \u00dcberforderung zu reduzieren und Deine innere Stabilit\u00e4t sowie Resilienz zu st\u00e4rken \u2013 eine wichtige Grundlage f\u00fcr ein harmonisches Miteinander mit Deinem Hund.<\/p>\n\n\n\n<p>Termine: 03.05.2026 \u00b7 17.05.2026 \u00b7 31.05.2026<br>Dauer: 1,5 \u2013 2 Std.<br>Uhrzeit: 09:00 Uhr<br>Ort: Niederzier<br>Kosten: 279 \u20ac<br>Teilnehmerzahl: max. 6 Mensch-Hund-Teams<br>Anmeldung: per WhatsApp unter +49 173 6273589<br>oder per E-Mail an canisspecialis@vodafone.de<\/p>\n\n\n\n<p>Lass uns gemeinsam eine ruhige, vertrauensvolle und harmonische Verbindung zwischen Dir und Deinem Hund schaffen.<\/p>\n\n\n\n<p>Ich freu mich auf Dich!<\/p>\n","protected":false},"excerpt":{"rendered":"<p>In Balance \u2013 K\u00f6rper, Geist &amp; Pfote Ein Workshop f\u00fcr Mensch-Hund-Teams, die echte Ver\u00e4nderung wollen F\u00fchlst Du Dich im Alltag mit Deinem Hund manchmal hilflos oder unzul\u00e4nglich?Erlebst Du Unverst\u00e4ndnis von au\u00dfen, weil Dein Hund an der Leine p\u00f6belt oder Du ihn in schwierigen Situationen scheinbar nicht erreichst?Wenn Du Dir eine nachhaltige Ver\u00e4nderung w\u00fcnschst, beginnt dieser&#8230;<\/p>\n","protected":false},"author":3,"featured_media":0,"parent":0,"menu_order":0,"comment_status":"closed","ping_status":"closed","template":"","meta":{"footnotes":""},"class_list":["post-1140","page","type-page","status-publish","hentry"],"_links":{"self":[{"href":"https:\/\/canisspecialis.de\/index.php\/wp-json\/wp\/v2\/pages\/1140","targetHints":{"allow":["GET"]}}],"collection":[{"href":"https:\/\/canisspecialis.de\/index.php\/wp-json\/wp\/v2\/pages"}],"about":[{"href":"https:\/\/canisspecialis.de\/index.php\/wp-json\/wp\/v2\/types\/page"}],"author":[{"embeddable":true,"href":"https:\/\/canisspecialis.de\/index.php\/wp-json\/wp\/v2\/users\/3"}],"replies":[{"embeddable":true,"href":"https:\/\/canisspecialis.de\/index.php\/wp-json\/wp\/v2\/comments?post=1140"}],"version-history":[{"count":2,"href":"https:\/\/canisspecialis.de\/index.php\/wp-json\/wp\/v2\/pages\/1140\/revisions"}],"predecessor-version":[{"id":1145,"href":"https:\/\/canisspecialis.de\/index.php\/wp-json\/wp\/v2\/pages\/1140\/revisions\/1145"}],"wp:attachment":[{"href":"https:\/\/canisspecialis.de\/index.php\/wp-json\/wp\/v2\/media?parent=1140"}],"curies":[{"name":"wp","href":"https:\/\/api.w.org\/{rel}","templated":true}]}}