{"id":119,"date":"2023-09-04T11:55:39","date_gmt":"2023-09-04T11:55:39","guid":{"rendered":"https:\/\/knallerhunde.de\/?page_id=119"},"modified":"2024-07-03T08:26:52","modified_gmt":"2024-07-03T08:26:52","slug":"einzeltraining","status":"publish","type":"page","link":"https:\/\/canisspecialis.de\/index.php\/einzeltraining\/","title":{"rendered":"Einzeltraining"},"content":{"rendered":"\n<p>Den einen richtigen Weg im Training gibt es nicht, vielmehr ist es wichtig auf Euch als individuelles Mensch-Hund Team einzugehen. Du und Dein Hund ihr habt beide Bed\u00fcrfnisse und eine solche Beziehung bedarf Stabilit\u00e4t, Sicherheit und Respekt um harmonisch und vertrauensvoll miteinander leben zu k\u00f6nnen.<\/p>\n\n\n\n<p>Sehr h\u00e4ufig ist Stress ein Ausl\u00f6ser f\u00fcr unerw\u00fcnschtes Verhalten, wobei es sich aber noch lange nicht um Problemverhalten handeln muss. Jeder Mensch hat andere Anforderungen an seinen Hund und jeder definiert Probleme anders. Auch reagiert jedes Individuum anders auf seine Umwelt und dessen Reize.<\/p>\n\n\n\n<p>Mein Anamnesebogen, den ich Dir vor unserem Erstgespr\u00e4ch zusenden werde, gibt mir schon einmal erste Einblicke in die Haltungsbedingungen und Eure Geschichte.<\/p>\n\n\n\n<p>Unter Ber\u00fccksichtigung der jeweiligen Veranlagung, F\u00e4higkeiten und Bed\u00fcrfnissen Deines Hundes werden wir gemeinsam einen Fahrplan erarbeiten, der individuell auf Euch als Team zugeschnitten ist.<\/p>\n\n\n\n<p>Hunde reagieren auf das Verhalten und die K\u00f6rpersprache ihrer Menschen, daher werde ich den Fokus im Einzeltraining oft auf Dich legen. Dein Hund reagiert vielleicht nachahmend wobei ein anderer eher kompensierend reagieren kann und dann in eine Rolle gedr\u00e4ngt wird, die er gar nicht ausf\u00fcllen kann.<\/p>\n\n\n\n<p>Das Einzeltraining erfolgt nach Absprache bei Euch zu Hause und in den Gebieten wo die Probleme auftreten und Du bekommst ein pers\u00f6nliches Coaching f\u00fcr eine nachhaltige Ver\u00e4nderung.<\/p>\n","protected":false},"excerpt":{"rendered":"<p>Den einen richtigen Weg im Training gibt es nicht, vielmehr ist es wichtig auf Euch als individuelles Mensch-Hund Team einzugehen. Du und Dein Hund ihr habt beide Bed\u00fcrfnisse und eine solche Beziehung bedarf Stabilit\u00e4t, Sicherheit und Respekt um harmonisch und vertrauensvoll miteinander leben zu k\u00f6nnen. Sehr h\u00e4ufig ist Stress ein Ausl\u00f6ser f\u00fcr unerw\u00fcnschtes Verhalten, wobei&#8230;<\/p>\n","protected":false},"author":1,"featured_media":0,"parent":0,"menu_order":0,"comment_status":"closed","ping_status":"closed","template":"","meta":{"footnotes":""},"class_list":["post-119","page","type-page","status-publish","hentry"],"_links":{"self":[{"href":"https:\/\/canisspecialis.de\/index.php\/wp-json\/wp\/v2\/pages\/119","targetHints":{"allow":["GET"]}}],"collection":[{"href":"https:\/\/canisspecialis.de\/index.php\/wp-json\/wp\/v2\/pages"}],"about":[{"href":"https:\/\/canisspecialis.de\/index.php\/wp-json\/wp\/v2\/types\/page"}],"author":[{"embeddable":true,"href":"https:\/\/canisspecialis.de\/index.php\/wp-json\/wp\/v2\/users\/1"}],"replies":[{"embeddable":true,"href":"https:\/\/canisspecialis.de\/index.php\/wp-json\/wp\/v2\/comments?post=119"}],"version-history":[{"count":5,"href":"https:\/\/canisspecialis.de\/index.php\/wp-json\/wp\/v2\/pages\/119\/revisions"}],"predecessor-version":[{"id":731,"href":"https:\/\/canisspecialis.de\/index.php\/wp-json\/wp\/v2\/pages\/119\/revisions\/731"}],"wp:attachment":[{"href":"https:\/\/canisspecialis.de\/index.php\/wp-json\/wp\/v2\/media?parent=119"}],"curies":[{"name":"wp","href":"https:\/\/api.w.org\/{rel}","templated":true}]}}