{"id":1232,"date":"2026-04-08T14:34:17","date_gmt":"2026-04-08T14:34:17","guid":{"rendered":"https:\/\/canisspecialis.de\/?page_id=1232"},"modified":"2026-04-08T14:34:18","modified_gmt":"2026-04-08T14:34:18","slug":"krimi-tour-mit-hund-31-05-2026","status":"publish","type":"page","link":"https:\/\/canisspecialis.de\/index.php\/krimi-tour-mit-hund-31-05-2026\/","title":{"rendered":"Krimi-Tour mit Hund 31.05.2026"},"content":{"rendered":"\n<figure class=\"wp-block-image size-large is-resized\"><img loading=\"lazy\" decoding=\"async\" width=\"700\" height=\"700\" src=\"https:\/\/canisspecialis.de\/wp-content\/uploads\/2026\/04\/Krimi-Tour-700x700.png\" alt=\"\" class=\"wp-image-1233\" style=\"width:338px;height:auto\" srcset=\"https:\/\/canisspecialis.de\/wp-content\/uploads\/2026\/04\/Krimi-Tour-700x700.png 700w, https:\/\/canisspecialis.de\/wp-content\/uploads\/2026\/04\/Krimi-Tour-300x300.png 300w, https:\/\/canisspecialis.de\/wp-content\/uploads\/2026\/04\/Krimi-Tour-150x150.png 150w, https:\/\/canisspecialis.de\/wp-content\/uploads\/2026\/04\/Krimi-Tour-768x768.png 768w, https:\/\/canisspecialis.de\/wp-content\/uploads\/2026\/04\/Krimi-Tour-800x800.png 800w, https:\/\/canisspecialis.de\/wp-content\/uploads\/2026\/04\/Krimi-Tour.png 1080w\" sizes=\"auto, (max-width: 700px) 100vw, 700px\" \/><\/figure>\n\n\n\n<p><\/p>\n\n\n\n<p>***Nur f\u00fcr Bestandskunden***<\/p>\n\n\n\n<p>Die Gemeinde schl\u00e4ft noch, als der Sonntag sich langsam aus dem Nebel sch\u00e4lt. Nur das rhythmische Knirschen von Laufschuhen auf Waldboden durchbricht die Stille. F\u00f6rsterin Erika Meier kennt diesen Wald wie ihre eigene Westentasche \u2013 jeden Pfad, jeden Hochsitz.<\/p>\n\n\n\n<p>Doch an diesem Morgen ist etwas anders. Schon von Weitem f\u00e4llt ihr der Hochsitz auf. Ein unnat\u00fcrliches Detail. Eine Form, die dort nicht hingeh\u00f6rt. Als sie n\u00e4herkommt, bleibt sie abrupt stehen.<\/p>\n\n\n\n<p>Ein Mann. Regungslos. Blut. Ein sauberer Schuss. Jagdgewehr. Kein Zweifel.<\/p>\n\n\n\n<p>Zur gleichen Zeit verschwindet Michael Keller &#8211; ein pflichtbewusster Beamter, der normalerweise keinen Schritt aus dem Alltag tanzt.<\/p>\n\n\n\n<p>Wer ist der Tote? Warum findet ausgerechnet die F\u00f6rsterin die Leiche?<\/p>\n\n\n\n<p>Lass es uns gemeinsam herausfinden!<\/p>\n","protected":false},"excerpt":{"rendered":"<p>***Nur f\u00fcr Bestandskunden*** Die Gemeinde schl\u00e4ft noch, als der Sonntag sich langsam aus dem Nebel sch\u00e4lt. Nur das rhythmische Knirschen von Laufschuhen auf Waldboden durchbricht die Stille. F\u00f6rsterin Erika Meier kennt diesen Wald wie ihre eigene Westentasche \u2013 jeden Pfad, jeden Hochsitz. Doch an diesem Morgen ist etwas anders. Schon von Weitem f\u00e4llt ihr der&#8230;<\/p>\n","protected":false},"author":3,"featured_media":0,"parent":0,"menu_order":0,"comment_status":"closed","ping_status":"closed","template":"","meta":{"footnotes":""},"class_list":["post-1232","page","type-page","status-publish","hentry"],"_links":{"self":[{"href":"https:\/\/canisspecialis.de\/index.php\/wp-json\/wp\/v2\/pages\/1232","targetHints":{"allow":["GET"]}}],"collection":[{"href":"https:\/\/canisspecialis.de\/index.php\/wp-json\/wp\/v2\/pages"}],"about":[{"href":"https:\/\/canisspecialis.de\/index.php\/wp-json\/wp\/v2\/types\/page"}],"author":[{"embeddable":true,"href":"https:\/\/canisspecialis.de\/index.php\/wp-json\/wp\/v2\/users\/3"}],"replies":[{"embeddable":true,"href":"https:\/\/canisspecialis.de\/index.php\/wp-json\/wp\/v2\/comments?post=1232"}],"version-history":[{"count":1,"href":"https:\/\/canisspecialis.de\/index.php\/wp-json\/wp\/v2\/pages\/1232\/revisions"}],"predecessor-version":[{"id":1234,"href":"https:\/\/canisspecialis.de\/index.php\/wp-json\/wp\/v2\/pages\/1232\/revisions\/1234"}],"wp:attachment":[{"href":"https:\/\/canisspecialis.de\/index.php\/wp-json\/wp\/v2\/media?parent=1232"}],"curies":[{"name":"wp","href":"https:\/\/api.w.org\/{rel}","templated":true}]}}