{"id":154,"date":"2023-09-04T14:44:47","date_gmt":"2023-09-04T14:44:47","guid":{"rendered":"https:\/\/knallerhunde.de\/?page_id=154"},"modified":"2026-05-05T09:07:02","modified_gmt":"2026-05-05T09:07:02","slug":"angebot-2","status":"publish","type":"page","link":"https:\/\/canisspecialis.de\/index.php\/angebot-2\/","title":{"rendered":"Range"},"content":{"rendered":"\n<p>Erstgespr\u00e4ch <strong>Verhaltensberatung <\/strong>inkl. Anamnese ca. 1,5 -2 Stunden 100,00 \u20ac<br>Folgetermine\/<strong>Einzeltraining <\/strong>1 Stunde 60,00 \u20ac<br>Anfahrtskosten 0,50 \u20ac \/ km ab 10km<\/p>\n\n\n\n<hr class=\"wp-block-separator has-alpha-channel-opacity\"\/>\n\n\n\n<p><strong>Scent Detection<\/strong> 25 \u20ac je Termin<br>(ab 3 Teilnehmern, max. 6 Mensch-Hund Teams)<br>ca. 60-90 Minuten je nach Gruppengr\u00f6\u00dfe<br>wechselnde Standorte D\u00fcren\/Eschweiler\/Niederzier\/Langerwehe<\/p>\n\n\n\n<p>Anmeldung \u00fcber entsprechende WhatsApp Gruppe<\/p>\n\n\n\n<hr class=\"wp-block-separator has-alpha-channel-opacity\"\/>\n\n\n\n<p><strong>Mantrailing ***Gruppe aktuell voll***<\/strong><br>wechselnde Standorte Region Aachen\/D\u00fcren und alles was drumherum und dazwischen liegt<br>Mantrailing BASIS 30,00 \u20ac je Termin (5er + 10er Karten m\u00f6glich)<br>Mantrailing PRO 45,00 \u20ac je Termin (5er + 10er Karten m\u00f6glich)<\/p>\n\n\n\n<p>Workshops zu bestimmten Themenbereichen Theorie + Praxis max. 4 Teams je 75,00 \u20ac<\/p>\n\n\n\n<p>Anmeldung \u00fcber entsprechende WhatsApp Gruppe<\/p>\n\n\n\n<hr class=\"wp-block-separator has-alpha-channel-opacity\"\/>\n\n\n\n<p><strong>Socialwalk <\/strong>30 \u20ac je Termin<br>jeden ersten Sonntag im Monat<\/p>\n\n\n\n<p>Anmeldung \u00fcber entsprechende WhatsApp Gruppe<\/p>\n\n\n\n<hr class=\"wp-block-separator has-alpha-channel-opacity\"\/>\n\n\n\n<p><strong>Bodenarbeit  &amp; Fitnesstraining <\/strong>25 \u20ac je Termin<br>(ab 3 Teilnehmern, max. 6 Mensch-Hund Teams)<br>Niederzier<br>ca. 60 Minuten<\/p>\n\n\n\n<p>Anmeldung \u00fcber entsprechende WhatsApp Gruppe<\/p>\n\n\n\n<hr class=\"wp-block-separator has-alpha-channel-opacity\"\/>\n\n\n\n<p><strong>Welpen X-Clusiv &#8211; Der Lernkurs f\u00fcr Welpen<\/strong> 290,00 \u20ac<br>10 Termine \u00e1 60 Minuten<br>max. 4 Teams<br>ACHTUNG! Keine Spielgruppe!<\/p>\n\n\n\n<p>Nur auf Anfrage!<\/p>\n\n\n\n<hr class=\"wp-block-separator has-alpha-channel-opacity\"\/>\n\n\n\n<p><strong>Krimitouren<\/strong><br>ca. 3 Stunden 55 \u20ac<\/p>\n\n\n\n<hr class=\"wp-block-separator has-alpha-channel-opacity\"\/>\n\n\n\n<p><strong>Spenden-Events<\/strong><br>2 mal im Jahr mache ich Events, bei denen der komplette Erl\u00f6s an einen Tierschutzverein flie\u00dft.<\/p>\n\n\n\n<hr class=\"wp-block-separator has-alpha-channel-opacity\"\/>\n\n\n\n<p><strong>Seminare &amp; Workshops <\/strong><br>nach Absprache, Aufwand und Dauer.<\/p>\n\n\n\n<hr class=\"wp-block-separator has-alpha-channel-opacity\"\/>\n\n\n\n<p><strong>Wesenstestvorbereitung<\/strong><br>Nur auf Anfrage!<\/p>\n","protected":false},"excerpt":{"rendered":"<p>Erstgespr\u00e4ch Verhaltensberatung inkl. Anamnese ca. 1,5 -2 Stunden 100,00 \u20acFolgetermine\/Einzeltraining 1 Stunde 60,00 \u20acAnfahrtskosten 0,50 \u20ac \/ km ab 10km Scent Detection 25 \u20ac je Termin(ab 3 Teilnehmern, max. 6 Mensch-Hund Teams)ca. 60-90 Minuten je nach Gruppengr\u00f6\u00dfewechselnde Standorte D\u00fcren\/Eschweiler\/Niederzier\/Langerwehe Anmeldung \u00fcber entsprechende WhatsApp Gruppe Mantrailing ***Gruppe aktuell voll***wechselnde Standorte Region Aachen\/D\u00fcren und alles was drumherum&#8230;<\/p>\n","protected":false},"author":1,"featured_media":0,"parent":0,"menu_order":0,"comment_status":"closed","ping_status":"closed","template":"","meta":{"footnotes":""},"class_list":["post-154","page","type-page","status-publish","hentry"],"_links":{"self":[{"href":"https:\/\/canisspecialis.de\/index.php\/wp-json\/wp\/v2\/pages\/154","targetHints":{"allow":["GET"]}}],"collection":[{"href":"https:\/\/canisspecialis.de\/index.php\/wp-json\/wp\/v2\/pages"}],"about":[{"href":"https:\/\/canisspecialis.de\/index.php\/wp-json\/wp\/v2\/types\/page"}],"author":[{"embeddable":true,"href":"https:\/\/canisspecialis.de\/index.php\/wp-json\/wp\/v2\/users\/1"}],"replies":[{"embeddable":true,"href":"https:\/\/canisspecialis.de\/index.php\/wp-json\/wp\/v2\/comments?post=154"}],"version-history":[{"count":29,"href":"https:\/\/canisspecialis.de\/index.php\/wp-json\/wp\/v2\/pages\/154\/revisions"}],"predecessor-version":[{"id":1328,"href":"https:\/\/canisspecialis.de\/index.php\/wp-json\/wp\/v2\/pages\/154\/revisions\/1328"}],"wp:attachment":[{"href":"https:\/\/canisspecialis.de\/index.php\/wp-json\/wp\/v2\/media?parent=154"}],"curies":[{"name":"wp","href":"https:\/\/api.w.org\/{rel}","templated":true}]}}