{"id":299,"date":"2023-11-23T15:09:31","date_gmt":"2023-11-23T15:09:31","guid":{"rendered":"https:\/\/canisspecialis.de\/?page_id=299"},"modified":"2024-08-22T14:24:01","modified_gmt":"2024-08-22T14:24:01","slug":"impressum-2","status":"publish","type":"page","link":"https:\/\/canisspecialis.de\/index.php\/impressum-2\/","title":{"rendered":"Imprint"},"content":{"rendered":"\n<p>Inhaber und verantwortliche Person gem\u00e4\u00df \u00a7 18 Abs. 2 MStV: <\/p>\n\n\n\n<p>Canis Specialis &#8211; Mobiles Hundetraining und Verhaltensberatung<br>Sonja Haamann<br>Hehlrather Str. 90<br>52249 Eschweiler<br>Mobil: 0173\/6273589<br>Email: canisspecialis@vodafone.de<\/p>\n\n\n\n<p>Erlaubnis zum gewerbsm\u00e4\u00dfigen mobilen Hundetraining nach \u00a7 11 Abs. 1 Satz 1 Nr. 8f Tierschutzgesetz<\/p>\n\n\n\n<p><strong>\u00a9<\/strong> Canis Specialis 2024 &#8211; Alle Rechte vorbehalten.<\/p>\n\n\n\n<p>Wer meine Angebote bucht, akzeptiert damit meine <a href=\"https:\/\/canisspecialis.de\/wp-content\/uploads\/2024\/01\/AGB_CanisSpecialis.pdf\" target=\"_blank\" rel=\"noreferrer noopener\">AGB<\/a>s!<\/p>\n\n\n\n<p>Alle Texte, Bilder, Fotos, Grafiken und Dokumente dieser Homepage sind gem\u00e4\u00df dem Urheberrechtsgesetz gesch\u00fctzt. Das ist auch zu beachten, wenn auf diesen Internetseiten erscheinende Materialien Dritter zur Informationsgewinnung verwendet werden. Die Inhalte d\u00fcrfen nicht ohne Zustsimmung kopiert, verbreitet oder ver\u00e4ndert werden.<\/p>\n\n\n\n<p>Alle Angaben erfolgen ohne Gew\u00e4hr.<\/p>\n\n\n\n<p>Eine Haftung f\u00fcr Sch\u00e4den, die sich aus der Verwendung der ver\u00f6ffentlichen Inhalte ergeben, ist ausgeschlossen.<\/p>\n\n\n\n<p>Haftungsausschluss:<br><a rel=\"noreferrer noopener\" href=\"http:\/\/www.disclaimer.de\/disclaimer.htm\" target=\"_blank\">http:\/\/www.disclaimer.de\/disclaimer.htm<\/a><\/p>\n","protected":false},"excerpt":{"rendered":"<p>Inhaber und verantwortliche Person gem\u00e4\u00df \u00a7 18 Abs. 2 MStV: Canis Specialis &#8211; Mobiles Hundetraining und VerhaltensberatungSonja HaamannHehlrather Str. 9052249 EschweilerMobil: 0173\/6273589Email: canisspecialis@vodafone.de Erlaubnis zum gewerbsm\u00e4\u00dfigen mobilen Hundetraining nach \u00a7 11 Abs. 1 Satz 1 Nr. 8f Tierschutzgesetz \u00a9 Canis Specialis 2024 &#8211; Alle Rechte vorbehalten. Wer meine Angebote bucht, akzeptiert damit meine AGBs! Alle&#8230;<\/p>\n","protected":false},"author":3,"featured_media":0,"parent":0,"menu_order":0,"comment_status":"closed","ping_status":"closed","template":"","meta":{"footnotes":""},"class_list":["post-299","page","type-page","status-publish","hentry"],"_links":{"self":[{"href":"https:\/\/canisspecialis.de\/index.php\/wp-json\/wp\/v2\/pages\/299","targetHints":{"allow":["GET"]}}],"collection":[{"href":"https:\/\/canisspecialis.de\/index.php\/wp-json\/wp\/v2\/pages"}],"about":[{"href":"https:\/\/canisspecialis.de\/index.php\/wp-json\/wp\/v2\/types\/page"}],"author":[{"embeddable":true,"href":"https:\/\/canisspecialis.de\/index.php\/wp-json\/wp\/v2\/users\/3"}],"replies":[{"embeddable":true,"href":"https:\/\/canisspecialis.de\/index.php\/wp-json\/wp\/v2\/comments?post=299"}],"version-history":[{"count":12,"href":"https:\/\/canisspecialis.de\/index.php\/wp-json\/wp\/v2\/pages\/299\/revisions"}],"predecessor-version":[{"id":788,"href":"https:\/\/canisspecialis.de\/index.php\/wp-json\/wp\/v2\/pages\/299\/revisions\/788"}],"wp:attachment":[{"href":"https:\/\/canisspecialis.de\/index.php\/wp-json\/wp\/v2\/media?parent=299"}],"curies":[{"name":"wp","href":"https:\/\/api.w.org\/{rel}","templated":true}]}}