{"id":397,"date":"2023-12-21T14:55:11","date_gmt":"2023-12-21T14:55:11","guid":{"rendered":"https:\/\/canisspecialis.de\/?page_id=397"},"modified":"2024-07-03T08:20:46","modified_gmt":"2024-07-03T08:20:46","slug":"spenden-events","status":"publish","type":"page","link":"https:\/\/canisspecialis.de\/index.php\/spenden-events\/","title":{"rendered":"Spenden-Events"},"content":{"rendered":"\n<p>In Zusammenarbeit mit FoxDogs und Emma Hundetraining werden wir zweimal im Jahr einen Spenden-Event anbieten, an dem jeder teilnehmen kann und bei dem der Erl\u00f6s vollst\u00e4ndig an einen gemeinn\u00fctzigen Verein gespendet wird.<\/p>\n\n\n\n<p>Rallye Obedience, gemeinsame Walks, Schnitzeljagd, Erlebnisevents&#8230; lasst Euch \u00fcberraschen was wir uns alles haben einfallen lassen!<\/p>\n\n\n\n<figure class=\"wp-block-gallery has-nested-images columns-default is-cropped wp-block-gallery-1 is-layout-flex wp-block-gallery-is-layout-flex\">\n<figure class=\"wp-block-image size-large\"><img loading=\"lazy\" decoding=\"async\" width=\"700\" height=\"525\" data-id=\"398\" src=\"https:\/\/canisspecialis.de\/wp-content\/uploads\/2023\/12\/spenden3-700x525.jpg\" alt=\"\" class=\"wp-image-398\" srcset=\"https:\/\/canisspecialis.de\/wp-content\/uploads\/2023\/12\/spenden3-700x525.jpg 700w, https:\/\/canisspecialis.de\/wp-content\/uploads\/2023\/12\/spenden3-300x225.jpg 300w, https:\/\/canisspecialis.de\/wp-content\/uploads\/2023\/12\/spenden3-768x576.jpg 768w, https:\/\/canisspecialis.de\/wp-content\/uploads\/2023\/12\/spenden3-1536x1152.jpg 1536w, https:\/\/canisspecialis.de\/wp-content\/uploads\/2023\/12\/spenden3-800x600.jpg 800w, https:\/\/canisspecialis.de\/wp-content\/uploads\/2023\/12\/spenden3-80x60.jpg 80w, https:\/\/canisspecialis.de\/wp-content\/uploads\/2023\/12\/spenden3.jpg 1600w\" sizes=\"auto, (max-width: 700px) 100vw, 700px\" \/><\/figure>\n\n\n\n<figure class=\"wp-block-image size-large\"><img loading=\"lazy\" decoding=\"async\" width=\"700\" height=\"933\" data-id=\"399\" src=\"https:\/\/canisspecialis.de\/wp-content\/uploads\/2023\/12\/spenden2-700x933.jpg\" alt=\"\" class=\"wp-image-399\" srcset=\"https:\/\/canisspecialis.de\/wp-content\/uploads\/2023\/12\/spenden2-700x933.jpg 700w, https:\/\/canisspecialis.de\/wp-content\/uploads\/2023\/12\/spenden2-225x300.jpg 225w, https:\/\/canisspecialis.de\/wp-content\/uploads\/2023\/12\/spenden2-768x1024.jpg 768w, https:\/\/canisspecialis.de\/wp-content\/uploads\/2023\/12\/spenden2-1152x1536.jpg 1152w, https:\/\/canisspecialis.de\/wp-content\/uploads\/2023\/12\/spenden2-800x1067.jpg 800w, https:\/\/canisspecialis.de\/wp-content\/uploads\/2023\/12\/spenden2.jpg 1200w\" sizes=\"auto, (max-width: 700px) 100vw, 700px\" \/><\/figure>\n\n\n\n<figure class=\"wp-block-image size-large\"><img loading=\"lazy\" decoding=\"async\" width=\"700\" height=\"933\" data-id=\"400\" src=\"https:\/\/canisspecialis.de\/wp-content\/uploads\/2023\/12\/spenden1-700x933.jpg\" alt=\"\" class=\"wp-image-400\" srcset=\"https:\/\/canisspecialis.de\/wp-content\/uploads\/2023\/12\/spenden1-700x933.jpg 700w, https:\/\/canisspecialis.de\/wp-content\/uploads\/2023\/12\/spenden1-225x300.jpg 225w, https:\/\/canisspecialis.de\/wp-content\/uploads\/2023\/12\/spenden1-768x1024.jpg 768w, https:\/\/canisspecialis.de\/wp-content\/uploads\/2023\/12\/spenden1-1152x1536.jpg 1152w, https:\/\/canisspecialis.de\/wp-content\/uploads\/2023\/12\/spenden1-800x1067.jpg 800w, https:\/\/canisspecialis.de\/wp-content\/uploads\/2023\/12\/spenden1.jpg 1200w\" sizes=\"auto, (max-width: 700px) 100vw, 700px\" \/><\/figure>\n<\/figure>\n\n\n\n<p><\/p>\n\n\n\n<p><\/p>\n","protected":false},"excerpt":{"rendered":"<p>In Zusammenarbeit mit FoxDogs und Emma Hundetraining werden wir zweimal im Jahr einen Spenden-Event anbieten, an dem jeder teilnehmen kann und bei dem der Erl\u00f6s vollst\u00e4ndig an einen gemeinn\u00fctzigen Verein gespendet wird. Rallye Obedience, gemeinsame Walks, Schnitzeljagd, Erlebnisevents&#8230; lasst Euch \u00fcberraschen was wir uns alles haben einfallen lassen!<\/p>\n","protected":false},"author":3,"featured_media":0,"parent":0,"menu_order":0,"comment_status":"closed","ping_status":"closed","template":"","meta":{"footnotes":""},"class_list":["post-397","page","type-page","status-publish","hentry"],"_links":{"self":[{"href":"https:\/\/canisspecialis.de\/index.php\/wp-json\/wp\/v2\/pages\/397","targetHints":{"allow":["GET"]}}],"collection":[{"href":"https:\/\/canisspecialis.de\/index.php\/wp-json\/wp\/v2\/pages"}],"about":[{"href":"https:\/\/canisspecialis.de\/index.php\/wp-json\/wp\/v2\/types\/page"}],"author":[{"embeddable":true,"href":"https:\/\/canisspecialis.de\/index.php\/wp-json\/wp\/v2\/users\/3"}],"replies":[{"embeddable":true,"href":"https:\/\/canisspecialis.de\/index.php\/wp-json\/wp\/v2\/comments?post=397"}],"version-history":[{"count":11,"href":"https:\/\/canisspecialis.de\/index.php\/wp-json\/wp\/v2\/pages\/397\/revisions"}],"predecessor-version":[{"id":729,"href":"https:\/\/canisspecialis.de\/index.php\/wp-json\/wp\/v2\/pages\/397\/revisions\/729"}],"wp:attachment":[{"href":"https:\/\/canisspecialis.de\/index.php\/wp-json\/wp\/v2\/media?parent=397"}],"curies":[{"name":"wp","href":"https:\/\/api.w.org\/{rel}","templated":true}]}}