{"id":463,"date":"2024-01-09T16:18:48","date_gmt":"2024-01-09T16:18:48","guid":{"rendered":"https:\/\/canisspecialis.de\/?page_id=463"},"modified":"2024-07-03T08:22:58","modified_gmt":"2024-07-03T08:22:58","slug":"junghunde","status":"publish","type":"page","link":"https:\/\/canisspecialis.de\/index.php\/junghunde\/","title":{"rendered":"Junghunde"},"content":{"rendered":"\n<p>Du hast einen jungen Hund im Alter zwischen 6 und 18 Monaten und suchst noch eine passende Gruppe?<\/p>\n\n\n\n<p>Auch diesen Kurs bieten Canis Specialis und Emma Hundetraining gemeinsam an.<\/p>\n\n\n\n<p>In unserem Basistraining f\u00fcr Junghunde bauen wir die Themen aus dem Bereich des Grundgehorsam weiter aus. Dabei setzen wir den Fokus stark auf eine gute Orientierung am Menschen. <br>Sie ist die Grundlage f\u00fcr einen entspannten Spaziergang, eine gute Leinenf\u00fchrigkeit, unaufgeregte Hundebegegnungen, den sicheren R\u00fcckruf und vieles mehr.<\/p>\n\n\n\n<figure class=\"wp-block-gallery has-nested-images columns-default is-cropped wp-block-gallery-1 is-layout-flex wp-block-gallery-is-layout-flex\">\n<figure class=\"wp-block-image size-large\"><img loading=\"lazy\" decoding=\"async\" width=\"700\" height=\"698\" data-id=\"465\" src=\"https:\/\/canisspecialis.de\/wp-content\/uploads\/2024\/01\/junghunde6-700x698.jpg\" alt=\"\" class=\"wp-image-465\" srcset=\"https:\/\/canisspecialis.de\/wp-content\/uploads\/2024\/01\/junghunde6-700x698.jpg 700w, https:\/\/canisspecialis.de\/wp-content\/uploads\/2024\/01\/junghunde6-300x300.jpg 300w, https:\/\/canisspecialis.de\/wp-content\/uploads\/2024\/01\/junghunde6-150x150.jpg 150w, https:\/\/canisspecialis.de\/wp-content\/uploads\/2024\/01\/junghunde6-768x765.jpg 768w, https:\/\/canisspecialis.de\/wp-content\/uploads\/2024\/01\/junghunde6-1536x1531.jpg 1536w, https:\/\/canisspecialis.de\/wp-content\/uploads\/2024\/01\/junghunde6-800x797.jpg 800w, https:\/\/canisspecialis.de\/wp-content\/uploads\/2024\/01\/junghunde6.jpg 2048w\" sizes=\"auto, (max-width: 700px) 100vw, 700px\" \/><\/figure>\n\n\n\n<figure class=\"wp-block-image size-large\"><img loading=\"lazy\" decoding=\"async\" width=\"700\" height=\"698\" data-id=\"469\" src=\"https:\/\/canisspecialis.de\/wp-content\/uploads\/2024\/01\/junghunde4-700x698.jpg\" alt=\"\" class=\"wp-image-469\" srcset=\"https:\/\/canisspecialis.de\/wp-content\/uploads\/2024\/01\/junghunde4-700x698.jpg 700w, https:\/\/canisspecialis.de\/wp-content\/uploads\/2024\/01\/junghunde4-300x300.jpg 300w, https:\/\/canisspecialis.de\/wp-content\/uploads\/2024\/01\/junghunde4-150x150.jpg 150w, https:\/\/canisspecialis.de\/wp-content\/uploads\/2024\/01\/junghunde4-768x765.jpg 768w, https:\/\/canisspecialis.de\/wp-content\/uploads\/2024\/01\/junghunde4-1536x1531.jpg 1536w, https:\/\/canisspecialis.de\/wp-content\/uploads\/2024\/01\/junghunde4-800x797.jpg 800w, https:\/\/canisspecialis.de\/wp-content\/uploads\/2024\/01\/junghunde4.jpg 2048w\" sizes=\"auto, (max-width: 700px) 100vw, 700px\" \/><\/figure>\n\n\n\n<figure class=\"wp-block-image size-large\"><img loading=\"lazy\" decoding=\"async\" width=\"700\" height=\"698\" data-id=\"468\" src=\"https:\/\/canisspecialis.de\/wp-content\/uploads\/2024\/01\/junghunde5-700x698.jpg\" alt=\"\" class=\"wp-image-468\" srcset=\"https:\/\/canisspecialis.de\/wp-content\/uploads\/2024\/01\/junghunde5-700x698.jpg 700w, https:\/\/canisspecialis.de\/wp-content\/uploads\/2024\/01\/junghunde5-300x300.jpg 300w, https:\/\/canisspecialis.de\/wp-content\/uploads\/2024\/01\/junghunde5-150x150.jpg 150w, https:\/\/canisspecialis.de\/wp-content\/uploads\/2024\/01\/junghunde5-768x765.jpg 768w, https:\/\/canisspecialis.de\/wp-content\/uploads\/2024\/01\/junghunde5-1536x1531.jpg 1536w, https:\/\/canisspecialis.de\/wp-content\/uploads\/2024\/01\/junghunde5-800x797.jpg 800w, https:\/\/canisspecialis.de\/wp-content\/uploads\/2024\/01\/junghunde5.jpg 2048w\" sizes=\"auto, (max-width: 700px) 100vw, 700px\" \/><\/figure>\n<\/figure>\n\n\n\n<p>Wir trainieren all diese Dinge in kleinen Gruppen vom max. 12 Teams. Die \u00dcbungen werden individuell in dem Schwierigkeitsgrad ausgef\u00fchrt, den das jeweilige Team gut bew\u00e4ltigen kann, aber trotzdem auch entsprechend gefordert und gef\u00f6rdert wird. <\/p>\n\n\n\n<p>Um von Anfang an eine gute Generalisierung sicherzustellen, treffen wir uns immer an unterschiedlichen Orten und trainieren so zus\u00e4tzlich noch die Umweltsicherheit Eurer Junghunde. Der Kurs findet an 8 aufeinanderfolgenden Wochen i.d.R. sonntags statt. <\/p>\n\n\n\n<figure class=\"wp-block-gallery has-nested-images columns-default is-cropped wp-block-gallery-2 is-layout-flex wp-block-gallery-is-layout-flex\">\n<figure class=\"wp-block-image size-large\"><img loading=\"lazy\" decoding=\"async\" width=\"700\" height=\"698\" data-id=\"471\" src=\"https:\/\/canisspecialis.de\/wp-content\/uploads\/2024\/01\/junghunde3-1-700x698.jpg\" alt=\"\" class=\"wp-image-471\" srcset=\"https:\/\/canisspecialis.de\/wp-content\/uploads\/2024\/01\/junghunde3-1-700x698.jpg 700w, https:\/\/canisspecialis.de\/wp-content\/uploads\/2024\/01\/junghunde3-1-300x300.jpg 300w, https:\/\/canisspecialis.de\/wp-content\/uploads\/2024\/01\/junghunde3-1-150x150.jpg 150w, https:\/\/canisspecialis.de\/wp-content\/uploads\/2024\/01\/junghunde3-1-768x765.jpg 768w, https:\/\/canisspecialis.de\/wp-content\/uploads\/2024\/01\/junghunde3-1-1536x1531.jpg 1536w, https:\/\/canisspecialis.de\/wp-content\/uploads\/2024\/01\/junghunde3-1-800x797.jpg 800w, https:\/\/canisspecialis.de\/wp-content\/uploads\/2024\/01\/junghunde3-1.jpg 2048w\" sizes=\"auto, (max-width: 700px) 100vw, 700px\" \/><\/figure>\n\n\n\n<figure class=\"wp-block-image size-large\"><img loading=\"lazy\" decoding=\"async\" width=\"700\" height=\"698\" data-id=\"472\" src=\"https:\/\/canisspecialis.de\/wp-content\/uploads\/2024\/01\/junghunde2-1-700x698.jpg\" alt=\"\" class=\"wp-image-472\" srcset=\"https:\/\/canisspecialis.de\/wp-content\/uploads\/2024\/01\/junghunde2-1-700x698.jpg 700w, https:\/\/canisspecialis.de\/wp-content\/uploads\/2024\/01\/junghunde2-1-300x300.jpg 300w, https:\/\/canisspecialis.de\/wp-content\/uploads\/2024\/01\/junghunde2-1-150x150.jpg 150w, https:\/\/canisspecialis.de\/wp-content\/uploads\/2024\/01\/junghunde2-1-768x765.jpg 768w, https:\/\/canisspecialis.de\/wp-content\/uploads\/2024\/01\/junghunde2-1-1536x1531.jpg 1536w, https:\/\/canisspecialis.de\/wp-content\/uploads\/2024\/01\/junghunde2-1-800x797.jpg 800w, https:\/\/canisspecialis.de\/wp-content\/uploads\/2024\/01\/junghunde2-1.jpg 2048w\" sizes=\"auto, (max-width: 700px) 100vw, 700px\" \/><\/figure>\n\n\n\n<figure class=\"wp-block-image size-large\"><img loading=\"lazy\" decoding=\"async\" width=\"700\" height=\"698\" data-id=\"473\" src=\"https:\/\/canisspecialis.de\/wp-content\/uploads\/2024\/01\/junghunde1-1-700x698.jpg\" alt=\"\" class=\"wp-image-473\" srcset=\"https:\/\/canisspecialis.de\/wp-content\/uploads\/2024\/01\/junghunde1-1-700x698.jpg 700w, https:\/\/canisspecialis.de\/wp-content\/uploads\/2024\/01\/junghunde1-1-300x300.jpg 300w, https:\/\/canisspecialis.de\/wp-content\/uploads\/2024\/01\/junghunde1-1-150x150.jpg 150w, https:\/\/canisspecialis.de\/wp-content\/uploads\/2024\/01\/junghunde1-1-768x765.jpg 768w, https:\/\/canisspecialis.de\/wp-content\/uploads\/2024\/01\/junghunde1-1-1536x1531.jpg 1536w, https:\/\/canisspecialis.de\/wp-content\/uploads\/2024\/01\/junghunde1-1-800x797.jpg 800w, https:\/\/canisspecialis.de\/wp-content\/uploads\/2024\/01\/junghunde1-1.jpg 2048w\" sizes=\"auto, (max-width: 700px) 100vw, 700px\" \/><\/figure>\n<\/figure>\n\n\n\n<p><\/p>\n","protected":false},"excerpt":{"rendered":"<p>Du hast einen jungen Hund im Alter zwischen 6 und 18 Monaten und suchst noch eine passende Gruppe? Auch diesen Kurs bieten Canis Specialis und Emma Hundetraining gemeinsam an. In unserem Basistraining f\u00fcr Junghunde bauen wir die Themen aus dem Bereich des Grundgehorsam weiter aus. Dabei setzen wir den Fokus stark auf eine gute Orientierung&#8230;<\/p>\n","protected":false},"author":3,"featured_media":0,"parent":0,"menu_order":0,"comment_status":"closed","ping_status":"closed","template":"","meta":{"footnotes":""},"class_list":["post-463","page","type-page","status-publish","hentry"],"_links":{"self":[{"href":"https:\/\/canisspecialis.de\/index.php\/wp-json\/wp\/v2\/pages\/463","targetHints":{"allow":["GET"]}}],"collection":[{"href":"https:\/\/canisspecialis.de\/index.php\/wp-json\/wp\/v2\/pages"}],"about":[{"href":"https:\/\/canisspecialis.de\/index.php\/wp-json\/wp\/v2\/types\/page"}],"author":[{"embeddable":true,"href":"https:\/\/canisspecialis.de\/index.php\/wp-json\/wp\/v2\/users\/3"}],"replies":[{"embeddable":true,"href":"https:\/\/canisspecialis.de\/index.php\/wp-json\/wp\/v2\/comments?post=463"}],"version-history":[{"count":4,"href":"https:\/\/canisspecialis.de\/index.php\/wp-json\/wp\/v2\/pages\/463\/revisions"}],"predecessor-version":[{"id":730,"href":"https:\/\/canisspecialis.de\/index.php\/wp-json\/wp\/v2\/pages\/463\/revisions\/730"}],"wp:attachment":[{"href":"https:\/\/canisspecialis.de\/index.php\/wp-json\/wp\/v2\/media?parent=463"}],"curies":[{"name":"wp","href":"https:\/\/api.w.org\/{rel}","templated":true}]}}