{"id":491,"date":"2024-01-10T14:07:58","date_gmt":"2024-01-10T14:07:58","guid":{"rendered":"https:\/\/canisspecialis.de\/?page_id=491"},"modified":"2024-01-15T13:20:32","modified_gmt":"2024-01-15T13:20:32","slug":"social-walk","status":"publish","type":"page","link":"https:\/\/canisspecialis.de\/index.php\/social-walk\/","title":{"rendered":"Social Walk"},"content":{"rendered":"\n<p>Ein Social Walk ist eine ziemlich unspektakul\u00e4re M\u00f6glichkeit, soziale Interaktion zwischen Hunden zu f\u00f6rdern, Leinenreaktivit\u00e4t zu reduzieren und Hundehalter im Umgang mit ihrem Hund zu schulen.<\/p>\n\n\n\n<p>Eigentlich handelt es sich einfach nur um einen gemeinsamen Lernspaziergang mit Gleichgesinnten, der ohne Zwang und ohne Erfolgsdruckt stattfindet. Der Walk findet ausnahmslos an der F\u00fchrleine statt. <br>Die Abst\u00e4nde zueinander werden so gehalten, dass es f\u00fcr jeden teilnehmenden Hund und Mensch stressfrei bleibt. Das erm\u00f6glicht auch reaktiven Hunden und ihren Besitzern gute Erfahrungen zu machen. <\/p>\n\n\n\n<p>Gezieltes Begegnungstraining ist im Alltag oft nicht m\u00f6glich, daher kann man hier den Fokus auf die Anwesenheit anderer Hunde und Menschen setzen und gezielt an Defiziten arbeiten. Bei mir sind alle Hunde willkommen. Egal welcher Rasse und mir ist ebenfalls egal, ob sie vertr\u00e4glich sind oder nicht. Gelassenheit muss erlernt und ge\u00fcbt werden. Stress bei Hundebegegnungen ist f\u00fcr Mensch und Hund belastend. Diese Begegnungen zu meiden, bringt einen jedoch nicht weiter.<\/p>\n\n\n\n<p>Ein geordneter Ablauf beginnt deshalb schon am Parkplatz. Eine gute Absprache im Vorfeld vermeidet unn\u00f6tige Aufregung.&nbsp;Anfangs halten wir die Distanzen etwas gr\u00f6\u00dfer, was wir je nach Gruppenzusammenstellung und Gel\u00e4nde zwischendurch \u00e4ndern werden. \u00dcbungen werden so gestaltet, dass sie f\u00fcr jedes Mensch-Hund Team gut zu bew\u00e4ltigen sind.<\/p>\n\n\n\n<p>Wir werden in kleinen Gruppen von max. 8 Teams spazieren gehen, denn die Absicht von Training sollte immer Fortschritt sein. <\/p>\n\n\n\n<p>Eine Feedback- oder Reflexionsrunde ist mir ebenfalls sehr wichtig, um zu erfahren wie es den Teilnehmern geht und was die f\u00fcr sich mitnehmen k\u00f6nnen.<\/p>\n","protected":false},"excerpt":{"rendered":"<p>Ein Social Walk ist eine ziemlich unspektakul\u00e4re M\u00f6glichkeit, soziale Interaktion zwischen Hunden zu f\u00f6rdern, Leinenreaktivit\u00e4t zu reduzieren und Hundehalter im Umgang mit ihrem Hund zu schulen. Eigentlich handelt es sich einfach nur um einen gemeinsamen Lernspaziergang mit Gleichgesinnten, der ohne Zwang und ohne Erfolgsdruckt stattfindet. Der Walk findet ausnahmslos an der F\u00fchrleine statt. Die Abst\u00e4nde&#8230;<\/p>\n","protected":false},"author":3,"featured_media":0,"parent":0,"menu_order":0,"comment_status":"closed","ping_status":"closed","template":"","meta":{"footnotes":""},"class_list":["post-491","page","type-page","status-publish","hentry"],"_links":{"self":[{"href":"https:\/\/canisspecialis.de\/index.php\/wp-json\/wp\/v2\/pages\/491","targetHints":{"allow":["GET"]}}],"collection":[{"href":"https:\/\/canisspecialis.de\/index.php\/wp-json\/wp\/v2\/pages"}],"about":[{"href":"https:\/\/canisspecialis.de\/index.php\/wp-json\/wp\/v2\/types\/page"}],"author":[{"embeddable":true,"href":"https:\/\/canisspecialis.de\/index.php\/wp-json\/wp\/v2\/users\/3"}],"replies":[{"embeddable":true,"href":"https:\/\/canisspecialis.de\/index.php\/wp-json\/wp\/v2\/comments?post=491"}],"version-history":[{"count":3,"href":"https:\/\/canisspecialis.de\/index.php\/wp-json\/wp\/v2\/pages\/491\/revisions"}],"predecessor-version":[{"id":517,"href":"https:\/\/canisspecialis.de\/index.php\/wp-json\/wp\/v2\/pages\/491\/revisions\/517"}],"wp:attachment":[{"href":"https:\/\/canisspecialis.de\/index.php\/wp-json\/wp\/v2\/media?parent=491"}],"curies":[{"name":"wp","href":"https:\/\/api.w.org\/{rel}","templated":true}]}}