{"id":59,"date":"2022-03-30T16:53:21","date_gmt":"2022-03-30T16:53:21","guid":{"rendered":"https:\/\/knallerhunde.de\/?page_id=59"},"modified":"2024-06-28T13:53:53","modified_gmt":"2024-06-28T13:53:53","slug":"herzlich-willkommen-auf-knallerhunde-de","status":"publish","type":"page","link":"https:\/\/canisspecialis.de\/","title":{"rendered":"Home"},"content":{"rendered":"\n<p><strong>Herzlich willkommen bei Canis Specialis!<\/strong><\/p>\n\n\n\n<p>Ihr habt einen verhaltensoriginellen oder auff\u00e4lligen Hund und keine passende Hundeschule gefunden oder seid vielleicht sogar weggeschickt worden?<\/p>\n\n\n\n<p>Bei mir ist jeder Hund und jede Rasse willkommen.<\/p>\n\n\n\n<p>Mich fasziniert die Individualit\u00e4t der Hunde und ihr ganz eigenes Wesen. Das Verst\u00e4ndnis daf\u00fcr ist die Grundlage f\u00fcr ein harmonisches Miteinander. Ich werde Euch dabei helfen, die Bed\u00fcrfnisse Eures Hundes besser zu verstehen und Euch neue Wege der hundgerechten Kommunikation aufzeigen. <\/p>\n\n\n\n<p>Erst mit der richtigen Basis kann eine Verhaltensmodifikation herbeigef\u00fchrt werden. Der Weg zum Erfolg im Hundetraining f\u00fchrt immer \u00fcber den dazugeh\u00f6rigen Menschen. Ein guter Hundetrainer wird Euch den Weg zeigen k\u00f6nnen, aber gehen m\u00fcsst ihr ihn selber. <\/p>\n\n\n\n<p>Wenn ihr bereit seid, Euch selbst zu hinterfragen und zu ver\u00e4ndern, dann freue ich mich Euch kennenzulernen!<\/p>\n\n\n\n<p><\/p>\n\n\n\n<p><\/p>\n\n\n\n<p><\/p>\n","protected":false},"excerpt":{"rendered":"<p>Herzlich willkommen bei Canis Specialis! Ihr habt einen verhaltensoriginellen oder auff\u00e4lligen Hund und keine passende Hundeschule gefunden oder seid vielleicht sogar weggeschickt worden? Bei mir ist jeder Hund und jede Rasse willkommen. Mich fasziniert die Individualit\u00e4t der Hunde und ihr ganz eigenes Wesen. Das Verst\u00e4ndnis daf\u00fcr ist die Grundlage f\u00fcr ein harmonisches Miteinander. Ich werde&#8230;<\/p>\n","protected":false},"author":1,"featured_media":0,"parent":0,"menu_order":0,"comment_status":"closed","ping_status":"closed","template":"","meta":{"footnotes":""},"class_list":["post-59","page","type-page","status-publish","hentry"],"_links":{"self":[{"href":"https:\/\/canisspecialis.de\/index.php\/wp-json\/wp\/v2\/pages\/59","targetHints":{"allow":["GET"]}}],"collection":[{"href":"https:\/\/canisspecialis.de\/index.php\/wp-json\/wp\/v2\/pages"}],"about":[{"href":"https:\/\/canisspecialis.de\/index.php\/wp-json\/wp\/v2\/types\/page"}],"author":[{"embeddable":true,"href":"https:\/\/canisspecialis.de\/index.php\/wp-json\/wp\/v2\/users\/1"}],"replies":[{"embeddable":true,"href":"https:\/\/canisspecialis.de\/index.php\/wp-json\/wp\/v2\/comments?post=59"}],"version-history":[{"count":23,"href":"https:\/\/canisspecialis.de\/index.php\/wp-json\/wp\/v2\/pages\/59\/revisions"}],"predecessor-version":[{"id":727,"href":"https:\/\/canisspecialis.de\/index.php\/wp-json\/wp\/v2\/pages\/59\/revisions\/727"}],"wp:attachment":[{"href":"https:\/\/canisspecialis.de\/index.php\/wp-json\/wp\/v2\/media?parent=59"}],"curies":[{"name":"wp","href":"https:\/\/api.w.org\/{rel}","templated":true}]}}