{"id":758,"date":"2024-07-29T13:11:15","date_gmt":"2024-07-29T13:11:15","guid":{"rendered":"https:\/\/canisspecialis.de\/?page_id=758"},"modified":"2024-08-20T13:52:52","modified_gmt":"2024-08-20T13:52:52","slug":"scent-detection-2","status":"publish","type":"page","link":"https:\/\/canisspecialis.de\/index.php\/scent-detection-2\/","title":{"rendered":"Scent Detection"},"content":{"rendered":"\n<figure class=\"wp-block-image size-large is-resized\"><img loading=\"lazy\" decoding=\"async\" width=\"700\" height=\"700\" src=\"https:\/\/canisspecialis.de\/wp-content\/uploads\/2024\/08\/Logo_SD-700x700.png\" alt=\"\" class=\"wp-image-774\" style=\"width:301px;height:auto\" srcset=\"https:\/\/canisspecialis.de\/wp-content\/uploads\/2024\/08\/Logo_SD-700x700.png 700w, https:\/\/canisspecialis.de\/wp-content\/uploads\/2024\/08\/Logo_SD-300x300.png 300w, https:\/\/canisspecialis.de\/wp-content\/uploads\/2024\/08\/Logo_SD-150x150.png 150w, https:\/\/canisspecialis.de\/wp-content\/uploads\/2024\/08\/Logo_SD-768x768.png 768w, https:\/\/canisspecialis.de\/wp-content\/uploads\/2024\/08\/Logo_SD-800x800.png 800w, https:\/\/canisspecialis.de\/wp-content\/uploads\/2024\/08\/Logo_SD.png 1080w\" sizes=\"auto, (max-width: 700px) 100vw, 700px\" \/><\/figure>\n\n\n\n<p>Die Grundidee von Scent Detection ist nat\u00fcrlich, die Sp\u00fcrhundearbeit der Profis auch f\u00fcr Familienhunde zug\u00e4nglich zu machen. Scent Detection bietet viele Vorteile. Es ist wie jede Nasenarbeit eine ruhige und artgerechte Auslastungsform, die nebenbei auch noch sehr anspruchsvoll ist und ein hohes Ma\u00df an Konzentration erfordert. Scent Detection ist wirklich f\u00fcr jeden Hund geeignet, egal ob gro\u00df oder klein, jung oder alt und egal welche Rasse. Durch die Teamarbeit und die gemeinsamen Erfolge werden zus\u00e4tzlich die Bindung und das Selbstbewusstsein gest\u00e4rkt. Scent Detection ist im Gegensatz zu anderen Hundesportarten eine sehr schonende Variante mit minimalen Verletzungs- und Gesundheitsrisiken.&nbsp; Au\u00dferdem kann man bei der Gestaltung der Suchlagen auch auf k\u00f6rperliche Defizite eingehen. <\/p>\n\n\n\n<p>M\u00f6chtest auch Du Deinem Hund beibringen, einen ganz bestimmten Geruch aufzusp\u00fcren und anzuzeigen? Ich zeige Dir gerne wie Du das Anzeigeverhalten aufbaust, punktgenau belohnst und die nat\u00fcrlichen F\u00e4higkeiten Deines Hundes f\u00f6rderst.<\/p>\n","protected":false},"excerpt":{"rendered":"<p>Die Grundidee von Scent Detection ist nat\u00fcrlich, die Sp\u00fcrhundearbeit der Profis auch f\u00fcr Familienhunde zug\u00e4nglich zu machen. Scent Detection bietet viele Vorteile. Es ist wie jede Nasenarbeit eine ruhige und artgerechte Auslastungsform, die nebenbei auch noch sehr anspruchsvoll ist und ein hohes Ma\u00df an Konzentration erfordert. Scent Detection ist wirklich f\u00fcr jeden Hund geeignet, egal&#8230;<\/p>\n","protected":false},"author":3,"featured_media":0,"parent":0,"menu_order":0,"comment_status":"closed","ping_status":"closed","template":"","meta":{"footnotes":""},"class_list":["post-758","page","type-page","status-publish","hentry"],"_links":{"self":[{"href":"https:\/\/canisspecialis.de\/index.php\/wp-json\/wp\/v2\/pages\/758","targetHints":{"allow":["GET"]}}],"collection":[{"href":"https:\/\/canisspecialis.de\/index.php\/wp-json\/wp\/v2\/pages"}],"about":[{"href":"https:\/\/canisspecialis.de\/index.php\/wp-json\/wp\/v2\/types\/page"}],"author":[{"embeddable":true,"href":"https:\/\/canisspecialis.de\/index.php\/wp-json\/wp\/v2\/users\/3"}],"replies":[{"embeddable":true,"href":"https:\/\/canisspecialis.de\/index.php\/wp-json\/wp\/v2\/comments?post=758"}],"version-history":[{"count":6,"href":"https:\/\/canisspecialis.de\/index.php\/wp-json\/wp\/v2\/pages\/758\/revisions"}],"predecessor-version":[{"id":782,"href":"https:\/\/canisspecialis.de\/index.php\/wp-json\/wp\/v2\/pages\/758\/revisions\/782"}],"wp:attachment":[{"href":"https:\/\/canisspecialis.de\/index.php\/wp-json\/wp\/v2\/media?parent=758"}],"curies":[{"name":"wp","href":"https:\/\/api.w.org\/{rel}","templated":true}]}}